{"id":20,"date":"2016-02-11T18:23:59","date_gmt":"2016-02-11T18:23:59","guid":{"rendered":"http:\/\/tallerdefuturo.org\/?page_id=20"},"modified":"2016-02-17T22:34:14","modified_gmt":"2016-02-17T21:34:14","slug":"noticias-novedades-y-opiniones","status":"publish","type":"page","link":"http:\/\/tallerdefuturo.org\/?page_id=20","title":{"rendered":"\u00bfQu\u00e9 pensamos?"},"content":{"rendered":"<p>Esta es la parte dedicada a las ideas que nos mueven, al municipalismo como f\u00f3rmula de cambio social.<\/p>\n<p>Si quieres saber m\u00e1s, pincha en los enlaces:<\/p>\n<ul>\n<li><a href=\"http:\/\/tallerdefuturo.org\/?page_id=30\">Ni somos, ni queremos ser un partido<\/a><\/li>\n<li><a href=\"http:\/\/tallerdefuturo.org\/?page_id=74\">La apuesta Municipalista (Libro gr\u00e1tis)<\/a><\/li>\n<li><a href=\"http:\/\/tallerdefuturo.org\/?page_id=35\">\u00bfEs necesario participar en las elecciones locales con una alternativa?<\/a><\/li>\n<li><a href=\"http:\/\/tallerdefuturo.org\/?page_id=61\">\u00bfS\u00f3lo para Tres Cantos?<\/a><\/li>\n<\/ul>\n<p>&nbsp;<\/p>\n","protected":false},"excerpt":{"rendered":"<p>Esta es la parte dedicada a las ideas que nos mueven, al municipalismo como f\u00f3rmula de cambio social. Si quieres saber m\u00e1s, pincha en los enlaces: Ni somos, ni queremos ser un partido La apuesta Municipalista (Libro gr\u00e1tis) \u00bfEs necesario participar en las elecciones locales con una alternativa? \u00bfS\u00f3lo para Tres Cantos? &nbsp;<\/p>\n","protected":false},"author":1,"featured_media":0,"parent":0,"menu_order":0,"comment_status":"closed","ping_status":"closed","template":"","meta":{"footnotes":""},"class_list":["post-20","page","type-page","status-publish","hentry"],"_links":{"self":[{"href":"http:\/\/tallerdefuturo.org\/index.php?rest_route=\/wp\/v2\/pages\/20","targetHints":{"allow":["GET"]}}],"collection":[{"href":"http:\/\/tallerdefuturo.org\/index.php?rest_route=\/wp\/v2\/pages"}],"about":[{"href":"http:\/\/tallerdefuturo.org\/index.php?rest_route=\/wp\/v2\/types\/page"}],"author":[{"embeddable":true,"href":"http:\/\/tallerdefuturo.org\/index.php?rest_route=\/wp\/v2\/users\/1"}],"replies":[{"embeddable":true,"href":"http:\/\/tallerdefuturo.org\/index.php?rest_route=%2Fwp%2Fv2%2Fcomments&post=20"}],"version-history":[{"count":9,"href":"http:\/\/tallerdefuturo.org\/index.php?rest_route=\/wp\/v2\/pages\/20\/revisions"}],"predecessor-version":[{"id":77,"href":"http:\/\/tallerdefuturo.org\/index.php?rest_route=\/wp\/v2\/pages\/20\/revisions\/77"}],"wp:attachment":[{"href":"http:\/\/tallerdefuturo.org\/index.php?rest_route=%2Fwp%2Fv2%2Fmedia&parent=20"}],"curies":[{"name":"wp","href":"https:\/\/api.w.org\/{rel}","templated":true}]}}