{"id":30,"date":"2016-02-11T20:34:34","date_gmt":"2016-02-11T20:34:34","guid":{"rendered":"http:\/\/tallerdefuturo.org\/?page_id=30"},"modified":"2016-02-17T22:11:22","modified_gmt":"2016-02-17T21:11:22","slug":"ni-somos-ni-queremos-ser-un-partido","status":"publish","type":"page","link":"http:\/\/tallerdefuturo.org\/?page_id=30","title":{"rendered":"Ni somos ni queremos ser un partido"},"content":{"rendered":"<p>Cuando nacimos, en los <a data-linkid=\"1\">mentideros<\/a> de Tres Cantos, se habl\u00f3 bastante del \u201cnuevo\u201d <a data-linkid=\"2\">partido<\/a> que se iba\u00a0a presentar a las elecciones.<br \/>\nLos que dec\u00edan esto se divid\u00edan en dos: los que no se hab\u00edan enterado y los que no quer\u00edan enterarse. Los\u00a0comentarios de estos \u00faltimos fueron mal intencionados. Miembros de otras opciones se sintieron\u00a0\u201camenazados\u201d por la novedad. Aunque en la mayor\u00eda de los casos, el desconocimiento tambi\u00e9n habitaba entre ellos.<br \/>\nQuer\u00edamos hacer algo realmente nuevo en Tres Cantos. Y aqu\u00ed partidos \u201cindependientes\u201d, \u201clocales\u201d y\/o \u201cvecinales\u201d ha habido a mogoll\u00f3n. No \u00edbamos a reinventar ninguno de ellos.<\/p>\n<p style=\"text-align: left;\"><a href=\"http:\/\/tallerdefuturo.org\/wp-content\/uploads\/2016\/02\/AsmbleaVecinal.jpg\" rel=\"attachment wp-att-31\"><img loading=\"lazy\" decoding=\"async\" class=\"size-medium wp-image-31 alignleft\" src=\"http:\/\/tallerdefuturo.org\/wp-content\/uploads\/2016\/02\/AsmbleaVecinal-300x181.jpg\" alt=\"AsmbleaVecinal\" width=\"300\" height=\"181\" \/><\/a><i>No somos ni queremos ser un partido. <\/i>Un partido es una estructura con \u201cvida propia\u201d por encima de la de las personas que lo forman. El partido elige, como ejemplo, a los candidatos, mediante m\u00e9todos m\u00e1s o menos democr\u00e1ticos \u2013unos m\u00e1s que otros \u2013 y los transfiere el poder de representar, primero a los afiliados y, m\u00e1s tarde, a los votantes.<\/p>\n<p>En nuestra propuesta, <b>una Asamblea abierta de ciudadanos toma la decisi\u00f3n de\u00a0presentar candidatos o no. Si es que s\u00ed, decide a qui\u00e9n\/es, con qu\u00e9 mandato y bajo qu\u00e9 condiciones<\/b>.<\/p>\n<p>El partido organiza y orienta. Manipula a los ciudadanos para que tengan los intereses y preferencias que el partido considere que deben tener. Por su bien, claro. Nosotros creemos que <b>los ciudadanos podemos auto organizarnos e informarnos, para tener opini\u00f3n <\/b>sin necesidad de que nos la \u201corienten\u201d.<br \/>\nLos partidos tienden, por naturaleza, a confundir el fin con el medio. El bien del partido (y de sus dirigentes) acaba convirti\u00e9ndose en el fin al que hay que aspirar.<\/p>\n<p>Creen los pol\u00edticos profesionales que los ciudadanos no sabemos lo que nos conviene y necesitamos que nos interpreten. Nuestra idea es que <b>s\u00ed sabemos lo que nos conviene y podemos defenderlo juntxs<\/b>.<br \/>\nEntre nosotros no habr\u00e1 diferencias, ni dirigentes, ni representantes\u2026 Los que participen m\u00e1s asiduamente tendr\u00e1n el mismo poder de decisi\u00f3n que los que puedan ocuparse menos, <b>y los candidatos ser\u00e1n delegados revocables<\/b> de la Asamblea, que se limitan a trasladar donde corresponda el mandato recibido.<br \/>\nEl formato electoral, la<a data-linkid=\"3\"> Agrupaci\u00f3n de Electores<\/a>, es un medio para extender la democracia ciudadana. No es el fin, ni es la soluci\u00f3n.<br \/>\nEn nuestra opini\u00f3n<b>, los ciudadanos no necesitamos Partidos pol\u00edticos, ni representantes<\/b> que tomen decisiones en nuestro nombre. La <a data-linkid=\"4\">partidocracia<\/a> es una f\u00f3rmula pseudo-democr\u00e1tica de organizar la sociedad, que tiende al <a data-linkid=\"5\">bipartidismo<\/a>. Que sufre \u00e9pocas de alta corrupci\u00f3n y de baja participaci\u00f3n ciudadana que laminan, en cada nuevo ciclo, todos los peque\u00f1os y enga\u00f1osos avances logrados para la mayor\u00eda.<br \/>\nEn el siglo XXI, con nuestro nivel de formaci\u00f3n y nuestros medios de comunicaci\u00f3n, los ciudadanos <b>estamos perfectamente preparados para ejercer una democracia mucho m\u00e1s plena.<\/b>\u00a0Mucho m\u00e1s all\u00e1 de la democracia representativa, superando los l\u00edmites de la democracia participativa y lo m\u00e1s cerca posible de la democracia directa. La \u00fanica que merece ese nombre, democracia, \u00a0y no precisa ning\u00fan apellido.<br \/>\nSi en alg\u00fan municipio mediano se dan las condiciones para gobernarnos a nosotros mismos y para recuperar la ilusi\u00f3n y la alegr\u00eda, es en Tres Cantos. Podemos pensar, entre todxs, el modelo de ciudad que queremos y podemos construirla. Es trabajoso, pero seguro que tambi\u00e9n es interesante, enriquecedor \u00a0y divertido. Vale la pena intentarlo.<br \/>\nSin abandonar nuestros principios, llegamos a la conclusi\u00f3n de que hab\u00eda muchas m\u00e1s personas en Tres Cantos con ganas de cambio, organizadas o no, con las que deb\u00edamos contar. La confluencia \u2013 <a href=\"http:\/\/www.ganemos3c.org\/\" target=\"_blank\">Ganemos3C<\/a> \u2013 no era nuestra idea al 100%, pero era una idea de profunda renovaci\u00f3n pol\u00edtica, compartida por much\u00edsimos vecinos, que nos permit\u00eda avanzar juntxs en la que esperamos sea una buena direcci\u00f3n. En ello estamos.<\/p>\n","protected":false},"excerpt":{"rendered":"<p>Cuando nacimos, en los mentideros de Tres Cantos, se habl\u00f3 bastante del \u201cnuevo\u201d partido que se iba\u00a0a presentar a las elecciones. Los que dec\u00edan esto se divid\u00edan en dos: los que no se hab\u00edan enterado y los que no quer\u00edan enterarse. Los\u00a0comentarios de estos \u00faltimos fueron mal intencionados. Miembros de otras opciones se sintieron\u00a0\u201camenazados\u201d por &hellip; <a href=\"http:\/\/tallerdefuturo.org\/?page_id=30\" class=\"more-link\">Continuar leyendo<span class=\"screen-reader-text\"> \u00abNi somos ni queremos ser un partido\u00bb<\/span><\/a><\/p>\n","protected":false},"author":2,"featured_media":0,"parent":20,"menu_order":0,"comment_status":"closed","ping_status":"closed","template":"","meta":{"footnotes":""},"class_list":["post-30","page","type-page","status-publish","hentry"],"_links":{"self":[{"href":"http:\/\/tallerdefuturo.org\/index.php?rest_route=\/wp\/v2\/pages\/30","targetHints":{"allow":["GET"]}}],"collection":[{"href":"http:\/\/tallerdefuturo.org\/index.php?rest_route=\/wp\/v2\/pages"}],"about":[{"href":"http:\/\/tallerdefuturo.org\/index.php?rest_route=\/wp\/v2\/types\/page"}],"author":[{"embeddable":true,"href":"http:\/\/tallerdefuturo.org\/index.php?rest_route=\/wp\/v2\/users\/2"}],"replies":[{"embeddable":true,"href":"http:\/\/tallerdefuturo.org\/index.php?rest_route=%2Fwp%2Fv2%2Fcomments&post=30"}],"version-history":[{"count":3,"href":"http:\/\/tallerdefuturo.org\/index.php?rest_route=\/wp\/v2\/pages\/30\/revisions"}],"predecessor-version":[{"id":67,"href":"http:\/\/tallerdefuturo.org\/index.php?rest_route=\/wp\/v2\/pages\/30\/revisions\/67"}],"up":[{"embeddable":true,"href":"http:\/\/tallerdefuturo.org\/index.php?rest_route=\/wp\/v2\/pages\/20"}],"wp:attachment":[{"href":"http:\/\/tallerdefuturo.org\/index.php?rest_route=%2Fwp%2Fv2%2Fmedia&parent=30"}],"curies":[{"name":"wp","href":"https:\/\/api.w.org\/{rel}","templated":true}]}}