{"id":74,"date":"2016-02-17T22:31:33","date_gmt":"2016-02-17T21:31:33","guid":{"rendered":"http:\/\/tallerdefuturo.org\/?page_id=74"},"modified":"2016-02-17T22:33:01","modified_gmt":"2016-02-17T21:33:01","slug":"la-apuesta-municipalista","status":"publish","type":"page","link":"http:\/\/tallerdefuturo.org\/?page_id=74","title":{"rendered":"La apuesta Municipalista (El libro)."},"content":{"rendered":"<p><strong>LA APUESTA MUNICIPALISTA.<br \/>\n<a href=\"http:\/\/www.observatoriometropolitano.org\/\" target=\"_blank\">Observatorio Metropolitano de Madrid.<\/a><\/strong><\/p>\n<p><em>(P\u00e1gina copiada del\u00a0<a href=\"http:\/\/institutodm.org\/\">El Instituto para la Democracia y el Municipalismo<\/a>)<\/em><\/p>\n<p><img loading=\"lazy\" decoding=\"async\" class=\"alignleft\" src=\"http:\/\/institutodm.org\/files\/2015\/10\/portada_lemur06.png\" alt=\"\" width=\"154\" height=\"265\" \/>La democracia empieza por lo pr\u00f3ximo. La pol\u00edtica local, las instituciones cercanas, las candidaturas directamente formadas y controladas por los ciudadanos son hoy algunos de los elementos que se han reunido bajo el nombre de \u00abmunicipalismo\u00bb. Aqu\u00ed y all\u00e1 se multiplican las experiencias de peque\u00f1as agrupaciones de vecinos y vecinas que sencillamente quieren \u00abcambiar las cosas\u00bb y que para ello empiezan por lo que les resulta m\u00e1s cercano. Se trata de proyectos pol\u00edticos de gobierno pero que renuncian al \u00abpartido\u00bb, a la gran organizaci\u00f3n estructurada por una determinada ideolog\u00eda y sometida a una disciplina piramidal.<\/p>\n<p style=\"text-align: left;\">Su prop\u00f3sito es m\u00e1s inmediato; consiste en devolver realidad a aquella identidad entre gobernantes y gobernados que formaba la definici\u00f3n original de la democracia y esto all\u00ed donde esta debiera comenzar, donde ambos t\u00e9rminos vienen a coincidir en las mismas personas. Su prop\u00f3sito se podr\u00eda nombrar, por tanto, con la palabra autogobierno.<\/p>\n<p>Para descargar el libro gratuitamente (o donando):<br \/>\n<a href=\"http:\/\/www.traficantes.net\/libros\/la-apuesta-municipalista\" target=\"_blank\">M\u00e1s informaci\u00f3n, comprar, donar \u00a0y descarga.<\/a><\/p>\n","protected":false},"excerpt":{"rendered":"<p>LA APUESTA MUNICIPALISTA. Observatorio Metropolitano de Madrid. (P\u00e1gina copiada del\u00a0El Instituto para la Democracia y el Municipalismo) La democracia empieza por lo pr\u00f3ximo. La pol\u00edtica local, las instituciones cercanas, las candidaturas directamente formadas y controladas por los ciudadanos son hoy algunos de los elementos que se han reunido bajo el nombre de \u00abmunicipalismo\u00bb. Aqu\u00ed y &hellip; <a href=\"http:\/\/tallerdefuturo.org\/?page_id=74\" class=\"more-link\">Continuar leyendo<span class=\"screen-reader-text\"> \u00abLa apuesta Municipalista (El libro).\u00bb<\/span><\/a><\/p>\n","protected":false},"author":2,"featured_media":0,"parent":20,"menu_order":1,"comment_status":"closed","ping_status":"closed","template":"","meta":{"footnotes":""},"class_list":["post-74","page","type-page","status-publish","hentry"],"_links":{"self":[{"href":"http:\/\/tallerdefuturo.org\/index.php?rest_route=\/wp\/v2\/pages\/74","targetHints":{"allow":["GET"]}}],"collection":[{"href":"http:\/\/tallerdefuturo.org\/index.php?rest_route=\/wp\/v2\/pages"}],"about":[{"href":"http:\/\/tallerdefuturo.org\/index.php?rest_route=\/wp\/v2\/types\/page"}],"author":[{"embeddable":true,"href":"http:\/\/tallerdefuturo.org\/index.php?rest_route=\/wp\/v2\/users\/2"}],"replies":[{"embeddable":true,"href":"http:\/\/tallerdefuturo.org\/index.php?rest_route=%2Fwp%2Fv2%2Fcomments&post=74"}],"version-history":[{"count":2,"href":"http:\/\/tallerdefuturo.org\/index.php?rest_route=\/wp\/v2\/pages\/74\/revisions"}],"predecessor-version":[{"id":76,"href":"http:\/\/tallerdefuturo.org\/index.php?rest_route=\/wp\/v2\/pages\/74\/revisions\/76"}],"up":[{"embeddable":true,"href":"http:\/\/tallerdefuturo.org\/index.php?rest_route=\/wp\/v2\/pages\/20"}],"wp:attachment":[{"href":"http:\/\/tallerdefuturo.org\/index.php?rest_route=%2Fwp%2Fv2%2Fmedia&parent=74"}],"curies":[{"name":"wp","href":"https:\/\/api.w.org\/{rel}","templated":true}]}}